{"id":2610,"date":"2022-07-29T11:32:03","date_gmt":"2022-07-29T09:32:03","guid":{"rendered":"https:\/\/homepageneu.venngasthof-zurbuche.de\/portefeuille\/"},"modified":"2022-07-29T13:32:32","modified_gmt":"2022-07-29T11:32:32","slug":"portefeuille","status":"publish","type":"page","link":"https:\/\/venngasthof-zurbuche.de\/fr\/portefeuille\/","title":{"rendered":"Portefeuille"},"content":{"rendered":"\n<p>Nous avons aid\u00e9 des milliers d&rsquo;entreprises \u00e0 prosp\u00e9rer et \u00e0 se d\u00e9velopper. Lisez \u00e0 propos de nos clients g\u00e9niaux pour savoir exactement comment nous les avons aid\u00e9s.<\/p>\n\n<div class=\"wp-block-columns is-layout-flex wp-container-core-columns-is-layout-9d6595d7 wp-block-columns-is-layout-flex\">\n<div class=\"wp-block-column is-layout-flow wp-block-column-is-layout-flow\">\n<div class=\"wp-block-buttons is-content-justification-center is-layout-flex wp-block-buttons-is-layout-flex\">\n<div class=\"wp-block-button\"><a class=\"wp-block-button__link\" rel=\"#gusto\">Gusto Burgers<\/a><\/div>\n<\/div>\n<\/div>\n\n\n\n<div class=\"wp-block-column is-layout-flow wp-block-column-is-layout-flow\">\n<div class=\"wp-block-buttons is-content-justification-center is-layout-flex wp-block-buttons-is-layout-flex\">\n<div class=\"wp-block-button\"><a class=\"wp-block-button__link\" rel=\"#aurora\">Fleurs d&rsquo;Aurora<\/a><\/div>\n<\/div>\n<\/div>\n<\/div>\n\n<hr class=\"wp-block-separator is-style-dots\"\/>\n<div class=\"wp-block-image\">\n<figure id=\"gusto\" class=\"aligncenter size-large\"><img decoding=\"async\" src=\"https:\/\/ocdi.com\/wp-content\/uploads\/2021\/02\/demo-photo-2-1024x714.png\" alt=\"\" class=\"wp-image-2109\"\/><\/figure><\/div>\n<div class=\"wp-block-columns is-layout-flex wp-container-core-columns-is-layout-9d6595d7 wp-block-columns-is-layout-flex\">\n<div class=\"wp-block-column is-layout-flow wp-block-column-is-layout-flow\" style=\"flex-basis:25%\">\n<figure class=\"wp-block-image size-large\"><img decoding=\"async\" src=\"http:\/\/homepageneu.venngasthof-zurbuche.de\/wp-content\/uploads\/2021\/02\/demo-logo-2.png\" alt=\"\" class=\"wp-image-2106\"\/><\/figure><\/div>\n\n\n\n<div class=\"wp-block-column is-layout-flow wp-block-column-is-layout-flow\">\n<p>Acme a aid\u00e9 Gusto Burgers \u00e0 se tourner rapidement vers la commande en ligne et la vente \u00e0 emporter pendant l&rsquo;ann\u00e9e 2020. Notre \u00e9quipe a travaill\u00e9 avec la marque pour ajouter des menus interactifs \u00e0 son site web, couvrant l&rsquo;ensemble de son menu. Nous avons \u00e9galement d\u00e9velopp\u00e9 une application de marque pour faciliter la commande, la collecte et la livraison rapides.  <\/p>\n\n\n\n<div class=\"wp-block-buttons is-layout-flex wp-block-buttons-is-layout-flex\">\n<div class=\"wp-block-button is-style-outline is-style-outline--1\"><a class=\"wp-block-button__link no-border-radius\" rel=\"#\">Lire l&rsquo;\u00e9tude de cas<\/a><\/div>\n<\/div>\n<\/div>\n<\/div>\n\n<hr class=\"wp-block-separator is-style-dots\"\/>\n\n<figure class=\"wp-block-image size-large is-style-default\" id=\"aurora\"><img decoding=\"async\" src=\"https:\/\/ocdi.com\/wp-content\/uploads\/2021\/02\/demo-photo-3-1024x757.png\" alt=\"\" class=\"wp-image-2110\"\/><\/figure>\n<div class=\"wp-block-columns is-layout-flex wp-container-core-columns-is-layout-9d6595d7 wp-block-columns-is-layout-flex\">\n<div class=\"wp-block-column is-layout-flow wp-block-column-is-layout-flow\" style=\"flex-basis:33.33%\">\n<figure class=\"wp-block-image size-large\"><img decoding=\"async\" src=\"http:\/\/homepageneu.venngasthof-zurbuche.de\/wp-content\/uploads\/2021\/02\/logo-demo-3.png\" alt=\"\" class=\"wp-image-2107\"\/><\/figure><\/div>\n\n\n\n<div class=\"wp-block-column is-layout-flow wp-block-column-is-layout-flow\" style=\"flex-basis:66.66%\">\n<p>Notre \u00e9quipe marketing a aid\u00e9 Aurora Flowers \u00e0 d\u00e9velopper une strat\u00e9gie coh\u00e9rente en mati\u00e8re de m\u00e9dias sociaux, en se concentrant sur des canaux visuels tels qu&rsquo;Instagram et Pinterest. Nous avons am\u00e9lior\u00e9 l&rsquo;engagement postal et int\u00e9gr\u00e9 sa boutique en ligne, ce qui s&rsquo;est traduit par une augmentation de 10% des ventes pendant la saison de No\u00ebl.<\/p>\n\n\n\n<div class=\"wp-block-buttons is-layout-flex wp-block-buttons-is-layout-flex\">\n<div class=\"wp-block-button is-style-outline is-style-outline--2\"><a class=\"wp-block-button__link no-border-radius\" rel=\"#\">Lire l&rsquo;\u00e9tude de cas<\/a><\/div>\n<\/div>\n<\/div>\n<\/div>\n","protected":false},"excerpt":{"rendered":"<p>Nous avons aid\u00e9 des milliers d&rsquo;entreprises \u00e0 prosp\u00e9rer et \u00e0 se d\u00e9velopper. Lisez \u00e0 propos de nos clients g\u00e9niaux pour savoir exactement comment nous les avons aid\u00e9s. Acme a aid\u00e9 Gusto Burgers \u00e0 se tourner rapidement vers la commande en ligne et la vente \u00e0 emporter pendant l&rsquo;ann\u00e9e 2020. Notre \u00e9quipe a travaill\u00e9 avec la [&hellip;]<\/p>\n","protected":false},"author":1,"featured_media":0,"parent":0,"menu_order":0,"comment_status":"closed","ping_status":"closed","template":"","meta":{"_acf_changed":false,"footnotes":""},"class_list":["post-2610","page","type-page","status-publish","hentry"],"acf":[],"_links":{"self":[{"href":"https:\/\/venngasthof-zurbuche.de\/fr\/wp-json\/wp\/v2\/pages\/2610","targetHints":{"allow":["GET"]}}],"collection":[{"href":"https:\/\/venngasthof-zurbuche.de\/fr\/wp-json\/wp\/v2\/pages"}],"about":[{"href":"https:\/\/venngasthof-zurbuche.de\/fr\/wp-json\/wp\/v2\/types\/page"}],"author":[{"embeddable":true,"href":"https:\/\/venngasthof-zurbuche.de\/fr\/wp-json\/wp\/v2\/users\/1"}],"replies":[{"embeddable":true,"href":"https:\/\/venngasthof-zurbuche.de\/fr\/wp-json\/wp\/v2\/comments?post=2610"}],"version-history":[{"count":0,"href":"https:\/\/venngasthof-zurbuche.de\/fr\/wp-json\/wp\/v2\/pages\/2610\/revisions"}],"wp:attachment":[{"href":"https:\/\/venngasthof-zurbuche.de\/fr\/wp-json\/wp\/v2\/media?parent=2610"}],"curies":[{"name":"wp","href":"https:\/\/api.w.org\/{rel}","templated":true}]}}