{"id":2354,"date":"2022-05-18T06:54:15","date_gmt":"2022-05-18T04:54:15","guid":{"rendered":"http:\/\/homepageneu.venngasthof-zurbuche.de\/traiteur\/"},"modified":"2025-12-19T12:48:59","modified_gmt":"2025-12-19T11:48:59","slug":"traiteur","status":"publish","type":"page","link":"https:\/\/venngasthof-zurbuche.de\/fr\/traiteur\/","title":{"rendered":"Traiteur"},"content":{"rendered":"\t\t<div data-elementor-type=\"wp-page\" data-elementor-id=\"2354\" class=\"elementor elementor-2354 elementor-732\" data-elementor-post-type=\"page\">\n\t\t\t\t\t\t<section class=\"elementor-section elementor-top-section elementor-element elementor-element-a457b45 elementor-section-boxed elementor-section-height-default elementor-section-height-default\" data-id=\"a457b45\" data-element_type=\"section\" data-e-type=\"section\">\n\t\t\t\t\t\t<div class=\"elementor-container elementor-column-gap-default\">\n\t\t\t\t\t<div class=\"elementor-column elementor-col-100 elementor-top-column elementor-element elementor-element-e8bcbb6\" data-id=\"e8bcbb6\" data-element_type=\"column\" data-e-type=\"column\">\n\t\t\t<div class=\"elementor-widget-wrap elementor-element-populated\">\n\t\t\t\t\t\t<div class=\"elementor-element elementor-element-f5ab3c0 elementor-arrows-position-inside elementor-pagination-position-outside elementor-widget elementor-widget-image-carousel\" data-id=\"f5ab3c0\" data-element_type=\"widget\" data-e-type=\"widget\" data-settings=\"{&quot;navigation&quot;:&quot;both&quot;,&quot;autoplay&quot;:&quot;yes&quot;,&quot;pause_on_hover&quot;:&quot;yes&quot;,&quot;pause_on_interaction&quot;:&quot;yes&quot;,&quot;autoplay_speed&quot;:5000,&quot;infinite&quot;:&quot;yes&quot;,&quot;speed&quot;:500}\" data-widget_type=\"image-carousel.default\">\n\t\t\t\t<div class=\"elementor-widget-container\">\n\t\t\t\t\t\t\t<div class=\"elementor-image-carousel-wrapper swiper\" role=\"region\" aria-roledescription=\"carousel\" aria-label=\"Bild Karussell\" dir=\"ltr\">\n\t\t\t<div class=\"elementor-image-carousel swiper-wrapper\" aria-live=\"off\">\n\t\t\t\t\t\t\t\t<div class=\"swiper-slide\" role=\"group\" aria-roledescription=\"slide\" aria-label=\"1 sur 4\"><a data-elementor-open-lightbox=\"yes\" data-elementor-lightbox-slideshow=\"f5ab3c0\" data-elementor-lightbox-title=\"Traiteur\" data-e-action-hash=\"#elementor-action%3Aaction%3Dlightbox%26settings%3DeyJpZCI6MjE2NSwidXJsIjoiaHR0cHM6XC9cL3Zlbm5nYXN0aG9mLXp1cmJ1Y2hlLmRlXC93cC1jb250ZW50XC91cGxvYWRzXC8yMDIyXC8wNlwvQ2F0ZXJpbmcucG5nIiwic2xpZGVzaG93IjoiZjVhYjNjMCJ9\" href=\"https:\/\/venngasthof-zurbuche.de\/wp-content\/uploads\/2022\/06\/Catering.png\"><figure class=\"swiper-slide-inner\"><img decoding=\"async\" class=\"swiper-slide-image\" src=\"https:\/\/venngasthof-zurbuche.de\/wp-content\/uploads\/2022\/06\/Catering-600x400.png\" alt=\"Traiteur\" \/><\/figure><\/a><\/div><div class=\"swiper-slide\" role=\"group\" aria-roledescription=\"slide\" aria-label=\"2 sur 4\"><a data-elementor-open-lightbox=\"yes\" data-elementor-lightbox-slideshow=\"f5ab3c0\" data-elementor-lightbox-title=\"Traiteur\" data-e-action-hash=\"#elementor-action%3Aaction%3Dlightbox%26settings%3DeyJpZCI6MjE2OCwidXJsIjoiaHR0cHM6XC9cL3Zlbm5nYXN0aG9mLXp1cmJ1Y2hlLmRlXC93cC1jb250ZW50XC91cGxvYWRzXC8yMDIyXC8wNlwvMjAxOTAyMTZfMTIzOTQ3LXNjYWxlZC5qcGciLCJzbGlkZXNob3ciOiJmNWFiM2MwIn0%3D\" href=\"https:\/\/venngasthof-zurbuche.de\/wp-content\/uploads\/2022\/06\/20190216_123947-scaled.jpg\"><figure class=\"swiper-slide-inner\"><img decoding=\"async\" class=\"swiper-slide-image\" src=\"https:\/\/venngasthof-zurbuche.de\/wp-content\/uploads\/2022\/06\/20190216_123947-600x400.jpg\" alt=\"Traiteur\" \/><\/figure><\/a><\/div><div class=\"swiper-slide\" role=\"group\" aria-roledescription=\"slide\" aria-label=\"3 sur 4\"><a data-elementor-open-lightbox=\"yes\" data-elementor-lightbox-slideshow=\"f5ab3c0\" data-elementor-lightbox-title=\"Traiteur\" data-e-action-hash=\"#elementor-action%3Aaction%3Dlightbox%26settings%3DeyJpZCI6MjE3MSwidXJsIjoiaHR0cHM6XC9cL3Zlbm5nYXN0aG9mLXp1cmJ1Y2hlLmRlXC93cC1jb250ZW50XC91cGxvYWRzXC8yMDIyXC8wNlwvMjAxOTAyMTZfMTUxMTI5LXNjYWxlZC5qcGciLCJzbGlkZXNob3ciOiJmNWFiM2MwIn0%3D\" href=\"https:\/\/venngasthof-zurbuche.de\/wp-content\/uploads\/2022\/06\/20190216_151129-scaled.jpg\"><figure class=\"swiper-slide-inner\"><img decoding=\"async\" class=\"swiper-slide-image\" src=\"https:\/\/venngasthof-zurbuche.de\/wp-content\/uploads\/2022\/06\/20190216_151129-600x400.jpg\" alt=\"Traiteur\" \/><\/figure><\/a><\/div><div class=\"swiper-slide\" role=\"group\" aria-roledescription=\"slide\" aria-label=\"4 sur 4\"><a data-elementor-open-lightbox=\"yes\" data-elementor-lightbox-slideshow=\"f5ab3c0\" data-elementor-lightbox-title=\"Traiteur\" data-e-action-hash=\"#elementor-action%3Aaction%3Dlightbox%26settings%3DeyJpZCI6MjE3NCwidXJsIjoiaHR0cHM6XC9cL3Zlbm5nYXN0aG9mLXp1cmJ1Y2hlLmRlXC93cC1jb250ZW50XC91cGxvYWRzXC8yMDIyXC8wNlwvMjAxOTAzMTZfMTIzMDMzLXNjYWxlZC5qcGciLCJzbGlkZXNob3ciOiJmNWFiM2MwIn0%3D\" href=\"https:\/\/venngasthof-zurbuche.de\/wp-content\/uploads\/2022\/06\/20190316_123033-scaled.jpg\"><figure class=\"swiper-slide-inner\"><img decoding=\"async\" class=\"swiper-slide-image\" src=\"https:\/\/venngasthof-zurbuche.de\/wp-content\/uploads\/2022\/06\/20190316_123033-600x400.jpg\" alt=\"Traiteur\" \/><\/figure><\/a><\/div>\t\t\t<\/div>\n\t\t\t\t\t\t\t\t\t\t\t\t<div class=\"elementor-swiper-button elementor-swiper-button-prev\" role=\"button\" tabindex=\"0\">\n\t\t\t\t\t\t<i aria-hidden=\"true\" class=\"eicon-chevron-left\"><\/i>\t\t\t\t\t<\/div>\n\t\t\t\t\t<div class=\"elementor-swiper-button elementor-swiper-button-next\" role=\"button\" tabindex=\"0\">\n\t\t\t\t\t\t<i aria-hidden=\"true\" class=\"eicon-chevron-right\"><\/i>\t\t\t\t\t<\/div>\n\t\t\t\t\n\t\t\t\t\t\t\t\t\t<div class=\"swiper-pagination\"><\/div>\n\t\t\t\t\t\t\t\t\t<\/div>\n\t\t\t\t\t\t<\/div>\n\t\t\t\t<\/div>\n\t\t\t\t<div class=\"elementor-element elementor-element-025c139 elementor-widget elementor-widget-text-editor\" data-id=\"025c139\" data-element_type=\"widget\" data-e-type=\"widget\" data-widget_type=\"text-editor.default\">\n\t\t\t\t<div class=\"elementor-widget-container\">\n\t\t\t\t\t\t\t\t\t<div class=\"elementor-element elementor-element-025c139 elementor-widget elementor-widget-text-editor\" data-id=\"025c139\" data-element_type=\"widget\" data-widget_type=\"text-editor.default\"><div class=\"elementor-widget-container\"><h5><strong>C\u00e9l\u00e9brer les f\u00eates &#8211; mais correctement !<\/strong><\/h5><h6>Y a-t-il quelque chose de plus beau qu&rsquo;une f\u00eate r\u00e9ussie \u00e0 tous les niveaux ? Pour que votre f\u00eate soit \u00e9galement une exp\u00e9rience inoubliable pour vous en tant qu&rsquo;h\u00f4te, nous vous aidons \u00e0 organiser toutes sortes de festivit\u00e9s : f\u00eates de famille, anniversaires, mariages ou \u00e9v\u00e9nements d&rsquo;entreprise.<\/h6><p>Que ce soit pour des canap\u00e9s, un buffet ou un menu, prenez la libert\u00e9 d&rsquo;\u00eatre l&rsquo;invit\u00e9 de votre propre f\u00eate. Notre \u00e9quipe de restauration exp\u00e9riment\u00e9e se charge de l&rsquo;organisation et veille \u00e0 ce que tout soit pr\u00e9vu. La salle du <strong>Nassenhof<\/strong>, qui peut accueillir jusqu&rsquo;\u00e0 120 personnes, est \u00e0 votre disposition. Sur demande, nous livrons \u00e9galement \u00e0 M\u00fctzenich et dans les localit\u00e9s environnantes dans un rayon de 10 kilom\u00e8tres. Nous acceptons volontiers vos commandes pour des groupes de 20 \u00e0 60 personnes.<br>Si vous organisez une f\u00eate en dehors de ces limites ou si vous pr\u00e9voyez une f\u00eate plus petite\/plus grande, n&rsquo;h\u00e9sitez pas \u00e0 nous contacter.<\/p><p>De plus, nous louons volontiers des housses de chaises (jusqu&rsquo;\u00e0 200 pi\u00e8ces) en stretch\/blanc au prix de 2,00\u20ac chacune, y compris les frais de transport. nettoyage.<\/p><\/div><\/div>\t\t\t\t\t\t\t\t<\/div>\n\t\t\t\t<\/div>\n\t\t\t\t\t<\/div>\n\t\t<\/div>\n\t\t\t\t\t<\/div>\n\t\t<\/section>\n\t\t\t\t<\/div>\n\t\t","protected":false},"excerpt":{"rendered":"<p>C\u00e9l\u00e9brer les f\u00eates &#8211; mais correctement ! Y a-t-il quelque chose de plus beau qu&rsquo;une f\u00eate r\u00e9ussie \u00e0 tous les niveaux ? Pour que votre f\u00eate soit \u00e9galement une exp\u00e9rience inoubliable pour vous en tant qu&rsquo;h\u00f4te, nous vous aidons \u00e0 organiser toutes sortes de festivit\u00e9s : f\u00eates de famille, anniversaires, mariages ou \u00e9v\u00e9nements d&rsquo;entreprise. Que [&hellip;]<\/p>\n","protected":false},"author":1,"featured_media":0,"parent":0,"menu_order":0,"comment_status":"closed","ping_status":"closed","template":"","meta":{"_acf_changed":false,"footnotes":""},"class_list":["post-2354","page","type-page","status-publish","hentry"],"acf":[],"_links":{"self":[{"href":"https:\/\/venngasthof-zurbuche.de\/fr\/wp-json\/wp\/v2\/pages\/2354","targetHints":{"allow":["GET"]}}],"collection":[{"href":"https:\/\/venngasthof-zurbuche.de\/fr\/wp-json\/wp\/v2\/pages"}],"about":[{"href":"https:\/\/venngasthof-zurbuche.de\/fr\/wp-json\/wp\/v2\/types\/page"}],"author":[{"embeddable":true,"href":"https:\/\/venngasthof-zurbuche.de\/fr\/wp-json\/wp\/v2\/users\/1"}],"replies":[{"embeddable":true,"href":"https:\/\/venngasthof-zurbuche.de\/fr\/wp-json\/wp\/v2\/comments?post=2354"}],"version-history":[{"count":9,"href":"https:\/\/venngasthof-zurbuche.de\/fr\/wp-json\/wp\/v2\/pages\/2354\/revisions"}],"predecessor-version":[{"id":7198,"href":"https:\/\/venngasthof-zurbuche.de\/fr\/wp-json\/wp\/v2\/pages\/2354\/revisions\/7198"}],"wp:attachment":[{"href":"https:\/\/venngasthof-zurbuche.de\/fr\/wp-json\/wp\/v2\/media?parent=2354"}],"curies":[{"name":"wp","href":"https:\/\/api.w.org\/{rel}","templated":true}]}}