{"id":2270,"date":"2022-05-11T20:46:40","date_gmt":"2022-05-11T18:46:40","guid":{"rendered":"http:\/\/homepageneu.venngasthof-zurbuche.de\/restaurant\/"},"modified":"2025-12-19T12:49:11","modified_gmt":"2025-12-19T11:49:11","slug":"restaurant","status":"publish","type":"page","link":"https:\/\/venngasthof-zurbuche.de\/fr\/restaurant\/","title":{"rendered":"Restauration"},"content":{"rendered":"\t\t<div data-elementor-type=\"wp-page\" data-elementor-id=\"2270\" class=\"elementor elementor-2270 elementor-217\" data-elementor-post-type=\"page\">\n\t\t\t\t\t\t<section class=\"elementor-section elementor-top-section elementor-element elementor-element-771845e elementor-section-boxed elementor-section-height-default elementor-section-height-default\" data-id=\"771845e\" data-element_type=\"section\" data-e-type=\"section\">\n\t\t\t\t\t\t<div class=\"elementor-container elementor-column-gap-default\">\n\t\t\t\t\t<div class=\"elementor-column elementor-col-100 elementor-top-column elementor-element elementor-element-7761e43\" data-id=\"7761e43\" data-element_type=\"column\" data-e-type=\"column\">\n\t\t\t<div class=\"elementor-widget-wrap elementor-element-populated\">\n\t\t\t\t\t\t<div class=\"elementor-element elementor-element-12d4a42 elementor-arrows-position-inside elementor-pagination-position-outside elementor-widget elementor-widget-image-carousel\" data-id=\"12d4a42\" data-element_type=\"widget\" data-e-type=\"widget\" data-settings=\"{&quot;navigation&quot;:&quot;both&quot;,&quot;autoplay&quot;:&quot;yes&quot;,&quot;pause_on_hover&quot;:&quot;yes&quot;,&quot;pause_on_interaction&quot;:&quot;yes&quot;,&quot;autoplay_speed&quot;:5000,&quot;infinite&quot;:&quot;yes&quot;,&quot;speed&quot;:500}\" data-widget_type=\"image-carousel.default\">\n\t\t\t\t<div class=\"elementor-widget-container\">\n\t\t\t\t\t\t\t<div class=\"elementor-image-carousel-wrapper swiper\" role=\"region\" aria-roledescription=\"carousel\" aria-label=\"Bild Karussell\" dir=\"ltr\">\n\t\t\t<div class=\"elementor-image-carousel swiper-wrapper\" aria-live=\"off\">\n\t\t\t\t\t\t\t\t<div class=\"swiper-slide\" role=\"group\" aria-roledescription=\"slide\" aria-label=\"1 sur 14\"><a data-elementor-open-lightbox=\"yes\" data-elementor-lightbox-slideshow=\"12d4a42\" data-elementor-lightbox-title=\"Restaurant\" data-e-action-hash=\"#elementor-action%3Aaction%3Dlightbox%26settings%3DeyJpZCI6MTkxOSwidXJsIjoiaHR0cHM6XC9cL3Zlbm5nYXN0aG9mLXp1cmJ1Y2hlLmRlXC93cC1jb250ZW50XC91cGxvYWRzXC8yMDIyXC8wNVwvMEMyQTk4OTMuanBnIiwic2xpZGVzaG93IjoiMTJkNGE0MiJ9\" href=\"https:\/\/venngasthof-zurbuche.de\/wp-content\/uploads\/2022\/05\/0C2A9893.jpg\"><figure class=\"swiper-slide-inner\"><img decoding=\"async\" class=\"swiper-slide-image\" src=\"https:\/\/venngasthof-zurbuche.de\/wp-content\/uploads\/2022\/05\/0C2A9893-600x400.jpg\" alt=\"Restaurant\" \/><\/figure><\/a><\/div><div class=\"swiper-slide\" role=\"group\" aria-roledescription=\"slide\" aria-label=\"2 sur 14\"><a data-elementor-open-lightbox=\"yes\" data-elementor-lightbox-slideshow=\"12d4a42\" data-elementor-lightbox-title=\"20220407_173732\" data-e-action-hash=\"#elementor-action%3Aaction%3Dlightbox%26settings%3DeyJpZCI6MjE0NywidXJsIjoiaHR0cHM6XC9cL3Zlbm5nYXN0aG9mLXp1cmJ1Y2hlLmRlXC93cC1jb250ZW50XC91cGxvYWRzXC8yMDIyXC8wNlwvMjAyMjA0MDdfMTczNzMyLXNjYWxlZC5qcGciLCJzbGlkZXNob3ciOiIxMmQ0YTQyIn0%3D\" href=\"https:\/\/venngasthof-zurbuche.de\/wp-content\/uploads\/2022\/06\/20220407_173732-scaled.jpg\"><figure class=\"swiper-slide-inner\"><img decoding=\"async\" class=\"swiper-slide-image\" src=\"https:\/\/venngasthof-zurbuche.de\/wp-content\/uploads\/2022\/06\/20220407_173732-600x400.jpg\" alt=\"20220407_173732\" \/><\/figure><\/a><\/div><div class=\"swiper-slide\" role=\"group\" aria-roledescription=\"slide\" aria-label=\"3 sur 14\"><a data-elementor-open-lightbox=\"yes\" data-elementor-lightbox-slideshow=\"12d4a42\" data-elementor-lightbox-title=\"Bar\" data-e-action-hash=\"#elementor-action%3Aaction%3Dlightbox%26settings%3DeyJpZCI6MTk5NywidXJsIjoiaHR0cHM6XC9cL3Zlbm5nYXN0aG9mLXp1cmJ1Y2hlLmRlXC93cC1jb250ZW50XC91cGxvYWRzXC8yMDIyXC8wNVwvMEMyQTk4OTAuanBnIiwic2xpZGVzaG93IjoiMTJkNGE0MiJ9\" href=\"https:\/\/venngasthof-zurbuche.de\/wp-content\/uploads\/2022\/05\/0C2A9890.jpg\"><figure class=\"swiper-slide-inner\"><img decoding=\"async\" class=\"swiper-slide-image\" src=\"https:\/\/venngasthof-zurbuche.de\/wp-content\/uploads\/2022\/05\/0C2A9890-600x400.jpg\" alt=\"Bar\" \/><\/figure><\/a><\/div><div class=\"swiper-slide\" role=\"group\" aria-roledescription=\"slide\" aria-label=\"4 sur 14\"><a data-elementor-open-lightbox=\"yes\" data-elementor-lightbox-slideshow=\"12d4a42\" data-elementor-lightbox-title=\"20220416_163231\" data-e-action-hash=\"#elementor-action%3Aaction%3Dlightbox%26settings%3DeyJpZCI6MjE0NCwidXJsIjoiaHR0cHM6XC9cL3Zlbm5nYXN0aG9mLXp1cmJ1Y2hlLmRlXC93cC1jb250ZW50XC91cGxvYWRzXC8yMDIyXC8wNlwvMjAyMjA0MTZfMTYzMjMxLXNjYWxlZC5qcGciLCJzbGlkZXNob3ciOiIxMmQ0YTQyIn0%3D\" href=\"https:\/\/venngasthof-zurbuche.de\/wp-content\/uploads\/2022\/06\/20220416_163231-scaled.jpg\"><figure class=\"swiper-slide-inner\"><img decoding=\"async\" class=\"swiper-slide-image\" src=\"https:\/\/venngasthof-zurbuche.de\/wp-content\/uploads\/2022\/06\/20220416_163231-600x400.jpg\" alt=\"20220416_163231\" \/><\/figure><\/a><\/div><div class=\"swiper-slide\" role=\"group\" aria-roledescription=\"slide\" aria-label=\"5 sur 14\"><a data-elementor-open-lightbox=\"yes\" data-elementor-lightbox-slideshow=\"12d4a42\" data-elementor-lightbox-title=\"Restaurant\" data-e-action-hash=\"#elementor-action%3Aaction%3Dlightbox%26settings%3DeyJpZCI6MjAwMCwidXJsIjoiaHR0cHM6XC9cL3Zlbm5nYXN0aG9mLXp1cmJ1Y2hlLmRlXC93cC1jb250ZW50XC91cGxvYWRzXC8yMDIyXC8wNVwvMEMyQTk4OTkuanBnIiwic2xpZGVzaG93IjoiMTJkNGE0MiJ9\" href=\"https:\/\/venngasthof-zurbuche.de\/wp-content\/uploads\/2022\/05\/0C2A9899.jpg\"><figure class=\"swiper-slide-inner\"><img decoding=\"async\" class=\"swiper-slide-image\" src=\"https:\/\/venngasthof-zurbuche.de\/wp-content\/uploads\/2022\/05\/0C2A9899-600x400.jpg\" alt=\"Restaurant\" \/><\/figure><\/a><\/div><div class=\"swiper-slide\" role=\"group\" aria-roledescription=\"slide\" aria-label=\"6 sur 14\"><a data-elementor-open-lightbox=\"yes\" data-elementor-lightbox-slideshow=\"12d4a42\" data-elementor-lightbox-title=\"Asperges\" data-e-action-hash=\"#elementor-action%3Aaction%3Dlightbox%26settings%3DeyJpZCI6MjA0NSwidXJsIjoiaHR0cHM6XC9cL3Zlbm5nYXN0aG9mLXp1cmJ1Y2hlLmRlXC93cC1jb250ZW50XC91cGxvYWRzXC8yMDIyXC8wNVwvU3BhcmdlbC5qcGciLCJzbGlkZXNob3ciOiIxMmQ0YTQyIn0%3D\" href=\"https:\/\/venngasthof-zurbuche.de\/wp-content\/uploads\/2022\/05\/Spargel.jpg\"><figure class=\"swiper-slide-inner\"><img decoding=\"async\" class=\"swiper-slide-image\" src=\"https:\/\/venngasthof-zurbuche.de\/wp-content\/uploads\/2022\/05\/Spargel-600x400.jpg\" alt=\"Asperges\" \/><\/figure><\/a><\/div><div class=\"swiper-slide\" role=\"group\" aria-roledescription=\"slide\" aria-label=\"7 sur 14\"><a data-elementor-open-lightbox=\"yes\" data-elementor-lightbox-slideshow=\"12d4a42\" data-elementor-lightbox-title=\"Bar\" data-e-action-hash=\"#elementor-action%3Aaction%3Dlightbox%26settings%3DeyJpZCI6MTkyOCwidXJsIjoiaHR0cHM6XC9cL3Zlbm5nYXN0aG9mLXp1cmJ1Y2hlLmRlXC93cC1jb250ZW50XC91cGxvYWRzXC8yMDIyXC8wNVwvMEMyQTk4ODkuanBnIiwic2xpZGVzaG93IjoiMTJkNGE0MiJ9\" href=\"https:\/\/venngasthof-zurbuche.de\/wp-content\/uploads\/2022\/05\/0C2A9889.jpg\"><figure class=\"swiper-slide-inner\"><img decoding=\"async\" class=\"swiper-slide-image\" src=\"https:\/\/venngasthof-zurbuche.de\/wp-content\/uploads\/2022\/05\/0C2A9889-600x400.jpg\" alt=\"Bar\" \/><\/figure><\/a><\/div><div class=\"swiper-slide\" role=\"group\" aria-roledescription=\"slide\" aria-label=\"8 sur 14\"><a data-elementor-open-lightbox=\"yes\" data-elementor-lightbox-slideshow=\"12d4a42\" data-elementor-lightbox-title=\"Poisson\" data-e-action-hash=\"#elementor-action%3Aaction%3Dlightbox%26settings%3DeyJpZCI6MjE4NiwidXJsIjoiaHR0cHM6XC9cL3Zlbm5nYXN0aG9mLXp1cmJ1Y2hlLmRlXC93cC1jb250ZW50XC91cGxvYWRzXC8yMDIyXC8wNlwvMjAyMjAxMjdfMTcwOTQ4LXNjYWxlZC5qcGciLCJzbGlkZXNob3ciOiIxMmQ0YTQyIn0%3D\" href=\"https:\/\/venngasthof-zurbuche.de\/wp-content\/uploads\/2022\/06\/20220127_170948-scaled.jpg\"><figure class=\"swiper-slide-inner\"><img decoding=\"async\" class=\"swiper-slide-image\" src=\"https:\/\/venngasthof-zurbuche.de\/wp-content\/uploads\/2022\/06\/20220127_170948-600x400.jpg\" alt=\"Poisson\" \/><\/figure><\/a><\/div><div class=\"swiper-slide\" role=\"group\" aria-roledescription=\"slide\" aria-label=\"9 sur 14\"><a data-elementor-open-lightbox=\"yes\" data-elementor-lightbox-slideshow=\"12d4a42\" data-elementor-lightbox-title=\"Jardin de bi\u00e8re\" data-e-action-hash=\"#elementor-action%3Aaction%3Dlightbox%26settings%3DeyJpZCI6MTkzMSwidXJsIjoiaHR0cHM6XC9cL3Zlbm5nYXN0aG9mLXp1cmJ1Y2hlLmRlXC93cC1jb250ZW50XC91cGxvYWRzXC8yMDIyXC8wNVwvQmllcmdhcnRlbi5qcGciLCJzbGlkZXNob3ciOiIxMmQ0YTQyIn0%3D\" href=\"https:\/\/venngasthof-zurbuche.de\/wp-content\/uploads\/2022\/05\/Biergarten.jpg\"><figure class=\"swiper-slide-inner\"><img decoding=\"async\" class=\"swiper-slide-image\" src=\"https:\/\/venngasthof-zurbuche.de\/wp-content\/uploads\/2022\/05\/Biergarten-600x400.jpg\" alt=\"Jardin de bi\u00e8re\" \/><\/figure><\/a><\/div><div class=\"swiper-slide\" role=\"group\" aria-roledescription=\"slide\" aria-label=\"10 sur 14\"><a data-elementor-open-lightbox=\"yes\" data-elementor-lightbox-slideshow=\"12d4a42\" data-elementor-lightbox-title=\"Saucisse au curry\" data-e-action-hash=\"#elementor-action%3Aaction%3Dlightbox%26settings%3DeyJpZCI6MjE4MywidXJsIjoiaHR0cHM6XC9cL3Zlbm5nYXN0aG9mLXp1cmJ1Y2hlLmRlXC93cC1jb250ZW50XC91cGxvYWRzXC8yMDIyXC8wNlwvMjAyMTA0MjlfMTk0NTAwLXNjYWxlZC5qcGciLCJzbGlkZXNob3ciOiIxMmQ0YTQyIn0%3D\" href=\"https:\/\/venngasthof-zurbuche.de\/wp-content\/uploads\/2022\/06\/20210429_194500-scaled.jpg\"><figure class=\"swiper-slide-inner\"><img decoding=\"async\" class=\"swiper-slide-image\" src=\"https:\/\/venngasthof-zurbuche.de\/wp-content\/uploads\/2022\/06\/20210429_194500-600x400.jpg\" alt=\"Saucisse au curry\" \/><\/figure><\/a><\/div><div class=\"swiper-slide\" role=\"group\" aria-roledescription=\"slide\" aria-label=\"11 sur 14\"><a data-elementor-open-lightbox=\"yes\" data-elementor-lightbox-slideshow=\"12d4a42\" data-elementor-lightbox-title=\"Jardin de bi\u00e8re\" data-e-action-hash=\"#elementor-action%3Aaction%3Dlightbox%26settings%3DeyJpZCI6MjIwNCwidXJsIjoiaHR0cHM6XC9cL3Zlbm5nYXN0aG9mLXp1cmJ1Y2hlLmRlXC93cC1jb250ZW50XC91cGxvYWRzXC8yMDIyXC8wNlwvMEMyQTk3MjItMS1zY2FsZWQud2VicCIsInNsaWRlc2hvdyI6IjEyZDRhNDIifQ%3D%3D\" href=\"https:\/\/venngasthof-zurbuche.de\/wp-content\/uploads\/2022\/06\/0C2A9722-1-scaled.webp\"><figure class=\"swiper-slide-inner\"><img decoding=\"async\" class=\"swiper-slide-image\" src=\"https:\/\/venngasthof-zurbuche.de\/wp-content\/uploads\/2022\/06\/0C2A9722-1-600x400.jpg\" alt=\"Jardin de bi\u00e8re\" \/><\/figure><\/a><\/div><div class=\"swiper-slide\" role=\"group\" aria-roledescription=\"slide\" aria-label=\"12 sur 14\"><a data-elementor-open-lightbox=\"yes\" data-elementor-lightbox-slideshow=\"12d4a42\" data-elementor-lightbox-title=\"Ail des ours\" data-e-action-hash=\"#elementor-action%3Aaction%3Dlightbox%26settings%3DeyJpZCI6MjE4OSwidXJsIjoiaHR0cHM6XC9cL3Zlbm5nYXN0aG9mLXp1cmJ1Y2hlLmRlXC93cC1jb250ZW50XC91cGxvYWRzXC8yMDIyXC8wNlwvMjAyMjAzMzFfMTgwNTI0LXNjYWxlZC5qcGciLCJzbGlkZXNob3ciOiIxMmQ0YTQyIn0%3D\" href=\"https:\/\/venngasthof-zurbuche.de\/wp-content\/uploads\/2022\/06\/20220331_180524-scaled.jpg\"><figure class=\"swiper-slide-inner\"><img decoding=\"async\" class=\"swiper-slide-image\" src=\"https:\/\/venngasthof-zurbuche.de\/wp-content\/uploads\/2022\/06\/20220331_180524-600x400.jpg\" alt=\"Ail des ours\" \/><\/figure><\/a><\/div><div class=\"swiper-slide\" role=\"group\" aria-roledescription=\"slide\" aria-label=\"13 sur 14\"><a data-elementor-open-lightbox=\"yes\" data-elementor-lightbox-slideshow=\"12d4a42\" data-elementor-lightbox-title=\"Jardin de bi\u00e8re\" data-e-action-hash=\"#elementor-action%3Aaction%3Dlightbox%26settings%3DeyJpZCI6MjIwMSwidXJsIjoiaHR0cHM6XC9cL3Zlbm5nYXN0aG9mLXp1cmJ1Y2hlLmRlXC93cC1jb250ZW50XC91cGxvYWRzXC8yMDIyXC8wNlwvMEMyQTk3MTctMS1zY2FsZWQuanBnIiwic2xpZGVzaG93IjoiMTJkNGE0MiJ9\" href=\"https:\/\/venngasthof-zurbuche.de\/wp-content\/uploads\/2022\/06\/0C2A9717-1-scaled.jpg\"><figure class=\"swiper-slide-inner\"><img decoding=\"async\" class=\"swiper-slide-image\" src=\"https:\/\/venngasthof-zurbuche.de\/wp-content\/uploads\/2022\/06\/0C2A9717-1-600x400.jpg\" alt=\"Jardin de bi\u00e8re\" \/><\/figure><\/a><\/div><div class=\"swiper-slide\" role=\"group\" aria-roledescription=\"slide\" aria-label=\"14 sur 14\"><a data-elementor-open-lightbox=\"yes\" data-elementor-lightbox-slideshow=\"12d4a42\" data-e-action-hash=\"#elementor-action%3Aaction%3Dlightbox%26settings%3DeyJpZCI6MTY1MiwidXJsIjpmYWxzZSwic2xpZGVzaG93IjoiMTJkNGE0MiJ9\"><figure class=\"swiper-slide-inner\"><img decoding=\"async\" class=\"swiper-slide-image\" src=\"http:\/\/homepageneu.venngasthof-zurbuche.de\/wp-content\/uploads\/2022\/06\/20220423_181932-scaled.jpg\" alt=\"\" \/><\/figure><\/a><\/div>\t\t\t<\/div>\n\t\t\t\t\t\t\t\t\t\t\t\t<div class=\"elementor-swiper-button elementor-swiper-button-prev\" role=\"button\" tabindex=\"0\">\n\t\t\t\t\t\t<i aria-hidden=\"true\" class=\"eicon-chevron-left\"><\/i>\t\t\t\t\t<\/div>\n\t\t\t\t\t<div class=\"elementor-swiper-button elementor-swiper-button-next\" role=\"button\" tabindex=\"0\">\n\t\t\t\t\t\t<i aria-hidden=\"true\" class=\"eicon-chevron-right\"><\/i>\t\t\t\t\t<\/div>\n\t\t\t\t\n\t\t\t\t\t\t\t\t\t<div class=\"swiper-pagination\"><\/div>\n\t\t\t\t\t\t\t\t\t<\/div>\n\t\t\t\t\t\t<\/div>\n\t\t\t\t<\/div>\n\t\t\t\t<div class=\"elementor-element elementor-element-5babc26 elementor-widget elementor-widget-text-editor\" data-id=\"5babc26\" data-element_type=\"widget\" data-e-type=\"widget\" data-widget_type=\"text-editor.default\">\n\t\t\t\t<div class=\"elementor-widget-container\">\n\t\t\t\t\t\t\t\t\t<h6>Depuis ao\u00fbt 2025, vous trouverez d\u00e9sormais notre <strong>restaurant Zur Buche<\/strong> au <em>80 de la rue Eupener,<\/em> dans le <strong>quartier de Nassenhof<\/strong>.<\/h6>\n<p>Depuis le <strong>01.08.2025<\/strong>, notre agr\u00e9able salle de restaurant ne sert plus que de salle de petit-d\u00e9jeuner et peut \u00eatre r\u00e9serv\u00e9e pour des soci\u00e9t\u00e9s ferm\u00e9es.<br>Notre restaurant tr\u00e8s appr\u00e9ci\u00e9 est d\u00e9sormais situ\u00e9 dans le <strong>Nassenhof<\/strong>, Eupener Strasse 80, \u00e0 seulement 800 m\u00e8tres du <strong>Venngasthof Zur Buche<\/strong>.<\/p>\n<p>Notre restaurant convivial vous propose une cuisine bourgeoise \/ m\u00e9diterran\u00e9enne et un grand choix de boissons. Beaucoup de nos clients appr\u00e9cient nos superbes rumsteaks argentins, le<em> burger Buche<\/em> ou l&rsquo;<em>escalope Zur Buche<\/em>. Depuis peu, nous avons \u00e9galement \u00e9largi notre gamme avec la pizza maison \n. Nous proposons 6 sortes de bi\u00e8res \u00e0 la pression. Sur \n, vous trouverez notamment une bi\u00e8re d&rsquo;abbaye belge de la marque Leffe.  <\/p>\t\t\t\t\t\t\t\t<\/div>\n\t\t\t\t<\/div>\n\t\t\t\t\t<\/div>\n\t\t<\/div>\n\t\t\t\t\t<\/div>\n\t\t<\/section>\n\t\t\t\t<\/div>\n\t\t","protected":false},"excerpt":{"rendered":"<p>Depuis ao\u00fbt 2025, vous trouverez d\u00e9sormais notre restaurant Zur Buche au 80 de la rue Eupener, dans le quartier de Nassenhof. Depuis le 01.08.2025, notre agr\u00e9able salle de restaurant ne sert plus que de salle de petit-d\u00e9jeuner et peut \u00eatre r\u00e9serv\u00e9e pour des soci\u00e9t\u00e9s ferm\u00e9es.Notre restaurant tr\u00e8s appr\u00e9ci\u00e9 est d\u00e9sormais situ\u00e9 dans le Nassenhof, Eupener [&hellip;]<\/p>\n","protected":false},"author":1,"featured_media":0,"parent":0,"menu_order":0,"comment_status":"closed","ping_status":"closed","template":"","meta":{"_acf_changed":false,"footnotes":""},"class_list":["post-2270","page","type-page","status-publish","hentry"],"acf":[],"_links":{"self":[{"href":"https:\/\/venngasthof-zurbuche.de\/fr\/wp-json\/wp\/v2\/pages\/2270","targetHints":{"allow":["GET"]}}],"collection":[{"href":"https:\/\/venngasthof-zurbuche.de\/fr\/wp-json\/wp\/v2\/pages"}],"about":[{"href":"https:\/\/venngasthof-zurbuche.de\/fr\/wp-json\/wp\/v2\/types\/page"}],"author":[{"embeddable":true,"href":"https:\/\/venngasthof-zurbuche.de\/fr\/wp-json\/wp\/v2\/users\/1"}],"replies":[{"embeddable":true,"href":"https:\/\/venngasthof-zurbuche.de\/fr\/wp-json\/wp\/v2\/comments?post=2270"}],"version-history":[{"count":11,"href":"https:\/\/venngasthof-zurbuche.de\/fr\/wp-json\/wp\/v2\/pages\/2270\/revisions"}],"predecessor-version":[{"id":7204,"href":"https:\/\/venngasthof-zurbuche.de\/fr\/wp-json\/wp\/v2\/pages\/2270\/revisions\/7204"}],"wp:attachment":[{"href":"https:\/\/venngasthof-zurbuche.de\/fr\/wp-json\/wp\/v2\/media?parent=2270"}],"curies":[{"name":"wp","href":"https:\/\/api.w.org\/{rel}","templated":true}]}}